{"id":5989,"date":"2021-03-10T11:47:20","date_gmt":"2021-03-10T09:47:20","guid":{"rendered":"https:\/\/www.rantasalmi.fi\/?page_id=5989"},"modified":"2021-03-10T11:56:43","modified_gmt":"2021-03-10T09:56:43","slug":"harbour-services","status":"publish","type":"page","link":"https:\/\/www.rantasalmi.fi\/en\/tourism\/harbour-services\/","title":{"rendered":"Harbour services"},"content":{"rendered":"<h1>Harbour services<\/h1>\n<p>The Ketvele canal (2 locks) provides direct waterway access from Lake Saimaa to the town centre harbour.<\/p>\n<h2>Town centre harbour<\/h2>\n<ul>\n<li>25 places for visiting boats<\/li>\n<li>Plug sockets and recharging station<\/li>\n<li>Shower and toilet facilities in the Geohouse<\/li>\n<li>Waste containers<\/li>\n<li>Fuel (about 300 metres from harbour)<\/li>\n<li>Parking area<\/li>\n<\/ul>\n<p><img decoding=\"async\" src=\"http:\/\/rantasalmi.fi\/uploads\/images\/matkailu\/62_Satama.jpg\" alt=\"http:\/\/rantasalmi.fi\/uploads\/images\/matkailu\/62_Satama.jpg\" \/><\/p>\n<h2>Mustalahti municipal harbour<\/h2>\n<ul>\n<li>3.5 km from the town centre<\/li>\n<li>10\u201315 places for alongside mooring<\/li>\n<li>Toilet and Roska-Roope waste container<\/li>\n<li>Septic tank and fresh water<\/li>\n<\/ul>\n<h2>Linnansaari Quay<\/h2>\n<p>There is a sturdy quay at the south-west end of the island, close to the camping area in Sammakkoniemi. Furthermore, there are several landing places for camping in the area.<\/p>\n<h2>Lomakyl\u00e4 J\u00e4rvisyd\u00e4n<\/h2>\n<ul>\n<li>Sturdy quay with enough space for 30 boats with either buoy or alongside mooring.<\/li>\n<li>Waste disposal<\/li>\n<li>Septic tank<\/li>\n<li>Wide range of services and activities<\/li>\n<\/ul>\n","protected":false},"excerpt":{"rendered":"<p>Harbour services The Ketvele canal (2 locks) provides direct waterway access from Lake Saimaa to the town centre harbour. Town centre harbour 25&#8230;<\/p>\n","protected":false},"author":2,"featured_media":5373,"parent":5860,"menu_order":155,"comment_status":"closed","ping_status":"closed","template":"","meta":{"footnotes":""},"class_list":["post-5989","page","type-page","status-publish","has-post-thumbnail","hentry"],"yoast_head":"<!-- This site is optimized with the Yoast SEO plugin v27.3 - https:\/\/yoast.com\/product\/yoast-seo-wordpress\/ -->\n<title>Harbour services - Rantasalmen kunta<\/title>\n<meta name=\"robots\" content=\"index, follow, max-snippet:-1, max-image-preview:large, max-video-preview:-1\" \/>\n<link rel=\"canonical\" href=\"https:\/\/www.rantasalmi.fi\/en\/tourism\/harbour-services\/\" \/>\n<meta property=\"og:locale\" content=\"en_US\" \/>\n<meta property=\"og:type\" content=\"article\" \/>\n<meta property=\"og:title\" content=\"Harbour services - Rantasalmen kunta\" \/>\n<meta property=\"og:description\" content=\"Harbour services The Ketvele canal (2 locks) provides direct waterway access from Lake Saimaa to the town centre harbour. Town centre harbour 25...\" \/>\n<meta property=\"og:url\" content=\"https:\/\/www.rantasalmi.fi\/en\/tourism\/harbour-services\/\" \/>\n<meta property=\"og:site_name\" content=\"Rantasalmen kunta\" \/>\n<meta property=\"article:publisher\" content=\"https:\/\/www.facebook.com\/rantasalmenkunta\/\" \/>\n<meta property=\"article:modified_time\" content=\"2021-03-10T09:56:43+00:00\" \/>\n<meta property=\"og:image\" content=\"https:\/\/www.rantasalmi.fi\/wp-content\/uploads\/2021\/02\/DJI_0093-scaled.jpg\" \/>\n\t<meta property=\"og:image:width\" content=\"2560\" \/>\n\t<meta property=\"og:image:height\" content=\"1438\" \/>\n\t<meta property=\"og:image:type\" content=\"image\/jpeg\" \/>\n<meta name=\"twitter:card\" content=\"summary_large_image\" \/>\n<meta name=\"twitter:label1\" content=\"Est. reading time\" \/>\n\t<meta name=\"twitter:data1\" content=\"1 minute\" \/>\n<script type=\"application\/ld+json\" class=\"yoast-schema-graph\">{\"@context\":\"https:\\\/\\\/schema.org\",\"@graph\":[{\"@type\":\"WebPage\",\"@id\":\"https:\\\/\\\/www.rantasalmi.fi\\\/en\\\/tourism\\\/harbour-services\\\/\",\"url\":\"https:\\\/\\\/www.rantasalmi.fi\\\/en\\\/tourism\\\/harbour-services\\\/\",\"name\":\"Harbour services - Rantasalmen kunta\",\"isPartOf\":{\"@id\":\"https:\\\/\\\/www.rantasalmi.fi\\\/#website\"},\"primaryImageOfPage\":{\"@id\":\"https:\\\/\\\/www.rantasalmi.fi\\\/en\\\/tourism\\\/harbour-services\\\/#primaryimage\"},\"image\":{\"@id\":\"https:\\\/\\\/www.rantasalmi.fi\\\/en\\\/tourism\\\/harbour-services\\\/#primaryimage\"},\"thumbnailUrl\":\"https:\\\/\\\/www.rantasalmi.fi\\\/wp-content\\\/uploads\\\/2021\\\/02\\\/DJI_0093-scaled.jpg\",\"datePublished\":\"2021-03-10T09:47:20+00:00\",\"dateModified\":\"2021-03-10T09:56:43+00:00\",\"breadcrumb\":{\"@id\":\"https:\\\/\\\/www.rantasalmi.fi\\\/en\\\/tourism\\\/harbour-services\\\/#breadcrumb\"},\"inLanguage\":\"en-US\",\"potentialAction\":[{\"@type\":\"ReadAction\",\"target\":[\"https:\\\/\\\/www.rantasalmi.fi\\\/en\\\/tourism\\\/harbour-services\\\/\"]}]},{\"@type\":\"ImageObject\",\"inLanguage\":\"en-US\",\"@id\":\"https:\\\/\\\/www.rantasalmi.fi\\\/en\\\/tourism\\\/harbour-services\\\/#primaryimage\",\"url\":\"https:\\\/\\\/www.rantasalmi.fi\\\/wp-content\\\/uploads\\\/2021\\\/02\\\/DJI_0093-scaled.jpg\",\"contentUrl\":\"https:\\\/\\\/www.rantasalmi.fi\\\/wp-content\\\/uploads\\\/2021\\\/02\\\/DJI_0093-scaled.jpg\",\"width\":2560,\"height\":1438},{\"@type\":\"BreadcrumbList\",\"@id\":\"https:\\\/\\\/www.rantasalmi.fi\\\/en\\\/tourism\\\/harbour-services\\\/#breadcrumb\",\"itemListElement\":[{\"@type\":\"ListItem\",\"position\":1,\"name\":\"Rantasalmi.fi\",\"item\":\"https:\\\/\\\/www.rantasalmi.fi\\\/en\\\/\"},{\"@type\":\"ListItem\",\"position\":2,\"name\":\"Tourism\",\"item\":\"https:\\\/\\\/www.rantasalmi.fi\\\/en\\\/tourism\\\/\"},{\"@type\":\"ListItem\",\"position\":3,\"name\":\"Harbour services\"}]},{\"@type\":\"WebSite\",\"@id\":\"https:\\\/\\\/www.rantasalmi.fi\\\/#website\",\"url\":\"https:\\\/\\\/www.rantasalmi.fi\\\/\",\"name\":\"Rantasalmen kunta\",\"description\":\"Kest\u00e4v\u00e4 luonnostaan\",\"publisher\":{\"@id\":\"https:\\\/\\\/www.rantasalmi.fi\\\/#organization\"},\"potentialAction\":[{\"@type\":\"SearchAction\",\"target\":{\"@type\":\"EntryPoint\",\"urlTemplate\":\"https:\\\/\\\/www.rantasalmi.fi\\\/?s={search_term_string}\"},\"query-input\":{\"@type\":\"PropertyValueSpecification\",\"valueRequired\":true,\"valueName\":\"search_term_string\"}}],\"inLanguage\":\"en-US\"},{\"@type\":\"Organization\",\"@id\":\"https:\\\/\\\/www.rantasalmi.fi\\\/#organization\",\"name\":\"Rantasalmen kunta\",\"url\":\"https:\\\/\\\/www.rantasalmi.fi\\\/\",\"logo\":{\"@type\":\"ImageObject\",\"inLanguage\":\"en-US\",\"@id\":\"https:\\\/\\\/www.rantasalmi.fi\\\/#\\\/schema\\\/logo\\\/image\\\/\",\"url\":\"https:\\\/\\\/www.rantasalmi.fi\\\/wp-content\\\/uploads\\\/2021\\\/03\\\/rantasalmi.png\",\"contentUrl\":\"https:\\\/\\\/www.rantasalmi.fi\\\/wp-content\\\/uploads\\\/2021\\\/03\\\/rantasalmi.png\",\"width\":776,\"height\":143,\"caption\":\"Rantasalmen kunta\"},\"image\":{\"@id\":\"https:\\\/\\\/www.rantasalmi.fi\\\/#\\\/schema\\\/logo\\\/image\\\/\"},\"sameAs\":[\"https:\\\/\\\/www.facebook.com\\\/rantasalmenkunta\\\/\",\"https:\\\/\\\/www.instagram.com\\\/rantasalmi_kunta\\\/\"]}]}<\/script>\n<!-- \/ Yoast SEO plugin. -->","yoast_head_json":{"title":"Harbour services - Rantasalmen kunta","robots":{"index":"index","follow":"follow","max-snippet":"max-snippet:-1","max-image-preview":"max-image-preview:large","max-video-preview":"max-video-preview:-1"},"canonical":"https:\/\/www.rantasalmi.fi\/en\/tourism\/harbour-services\/","og_locale":"en_US","og_type":"article","og_title":"Harbour services - Rantasalmen kunta","og_description":"Harbour services The Ketvele canal (2 locks) provides direct waterway access from Lake Saimaa to the town centre harbour. Town centre harbour 25...","og_url":"https:\/\/www.rantasalmi.fi\/en\/tourism\/harbour-services\/","og_site_name":"Rantasalmen kunta","article_publisher":"https:\/\/www.facebook.com\/rantasalmenkunta\/","article_modified_time":"2021-03-10T09:56:43+00:00","og_image":[{"width":2560,"height":1438,"url":"https:\/\/www.rantasalmi.fi\/wp-content\/uploads\/2021\/02\/DJI_0093-scaled.jpg","type":"image\/jpeg"}],"twitter_card":"summary_large_image","twitter_misc":{"Est. reading time":"1 minute"},"schema":{"@context":"https:\/\/schema.org","@graph":[{"@type":"WebPage","@id":"https:\/\/www.rantasalmi.fi\/en\/tourism\/harbour-services\/","url":"https:\/\/www.rantasalmi.fi\/en\/tourism\/harbour-services\/","name":"Harbour services - Rantasalmen kunta","isPartOf":{"@id":"https:\/\/www.rantasalmi.fi\/#website"},"primaryImageOfPage":{"@id":"https:\/\/www.rantasalmi.fi\/en\/tourism\/harbour-services\/#primaryimage"},"image":{"@id":"https:\/\/www.rantasalmi.fi\/en\/tourism\/harbour-services\/#primaryimage"},"thumbnailUrl":"https:\/\/www.rantasalmi.fi\/wp-content\/uploads\/2021\/02\/DJI_0093-scaled.jpg","datePublished":"2021-03-10T09:47:20+00:00","dateModified":"2021-03-10T09:56:43+00:00","breadcrumb":{"@id":"https:\/\/www.rantasalmi.fi\/en\/tourism\/harbour-services\/#breadcrumb"},"inLanguage":"en-US","potentialAction":[{"@type":"ReadAction","target":["https:\/\/www.rantasalmi.fi\/en\/tourism\/harbour-services\/"]}]},{"@type":"ImageObject","inLanguage":"en-US","@id":"https:\/\/www.rantasalmi.fi\/en\/tourism\/harbour-services\/#primaryimage","url":"https:\/\/www.rantasalmi.fi\/wp-content\/uploads\/2021\/02\/DJI_0093-scaled.jpg","contentUrl":"https:\/\/www.rantasalmi.fi\/wp-content\/uploads\/2021\/02\/DJI_0093-scaled.jpg","width":2560,"height":1438},{"@type":"BreadcrumbList","@id":"https:\/\/www.rantasalmi.fi\/en\/tourism\/harbour-services\/#breadcrumb","itemListElement":[{"@type":"ListItem","position":1,"name":"Rantasalmi.fi","item":"https:\/\/www.rantasalmi.fi\/en\/"},{"@type":"ListItem","position":2,"name":"Tourism","item":"https:\/\/www.rantasalmi.fi\/en\/tourism\/"},{"@type":"ListItem","position":3,"name":"Harbour services"}]},{"@type":"WebSite","@id":"https:\/\/www.rantasalmi.fi\/#website","url":"https:\/\/www.rantasalmi.fi\/","name":"Rantasalmen kunta","description":"Kest\u00e4v\u00e4 luonnostaan","publisher":{"@id":"https:\/\/www.rantasalmi.fi\/#organization"},"potentialAction":[{"@type":"SearchAction","target":{"@type":"EntryPoint","urlTemplate":"https:\/\/www.rantasalmi.fi\/?s={search_term_string}"},"query-input":{"@type":"PropertyValueSpecification","valueRequired":true,"valueName":"search_term_string"}}],"inLanguage":"en-US"},{"@type":"Organization","@id":"https:\/\/www.rantasalmi.fi\/#organization","name":"Rantasalmen kunta","url":"https:\/\/www.rantasalmi.fi\/","logo":{"@type":"ImageObject","inLanguage":"en-US","@id":"https:\/\/www.rantasalmi.fi\/#\/schema\/logo\/image\/","url":"https:\/\/www.rantasalmi.fi\/wp-content\/uploads\/2021\/03\/rantasalmi.png","contentUrl":"https:\/\/www.rantasalmi.fi\/wp-content\/uploads\/2021\/03\/rantasalmi.png","width":776,"height":143,"caption":"Rantasalmen kunta"},"image":{"@id":"https:\/\/www.rantasalmi.fi\/#\/schema\/logo\/image\/"},"sameAs":["https:\/\/www.facebook.com\/rantasalmenkunta\/","https:\/\/www.instagram.com\/rantasalmi_kunta\/"]}]}},"_links":{"self":[{"href":"https:\/\/www.rantasalmi.fi\/en\/wp-json\/wp\/v2\/pages\/5989","targetHints":{"allow":["GET"]}}],"collection":[{"href":"https:\/\/www.rantasalmi.fi\/en\/wp-json\/wp\/v2\/pages"}],"about":[{"href":"https:\/\/www.rantasalmi.fi\/en\/wp-json\/wp\/v2\/types\/page"}],"author":[{"embeddable":true,"href":"https:\/\/www.rantasalmi.fi\/en\/wp-json\/wp\/v2\/users\/2"}],"replies":[{"embeddable":true,"href":"https:\/\/www.rantasalmi.fi\/en\/wp-json\/wp\/v2\/comments?post=5989"}],"version-history":[{"count":3,"href":"https:\/\/www.rantasalmi.fi\/en\/wp-json\/wp\/v2\/pages\/5989\/revisions"}],"predecessor-version":[{"id":5993,"href":"https:\/\/www.rantasalmi.fi\/en\/wp-json\/wp\/v2\/pages\/5989\/revisions\/5993"}],"up":[{"embeddable":true,"href":"https:\/\/www.rantasalmi.fi\/en\/wp-json\/wp\/v2\/pages\/5860"}],"wp:featuredmedia":[{"embeddable":true,"href":"https:\/\/www.rantasalmi.fi\/en\/wp-json\/wp\/v2\/media\/5373"}],"wp:attachment":[{"href":"https:\/\/www.rantasalmi.fi\/en\/wp-json\/wp\/v2\/media?parent=5989"}],"curies":[{"name":"wp","href":"https:\/\/api.w.org\/{rel}","templated":true}]}}